{"id":11459,"date":"2024-06-26T00:55:53","date_gmt":"2024-06-25T22:55:53","guid":{"rendered":"https:\/\/groups.uni-paderborn.de\/asv\/?page_id=11459"},"modified":"2024-06-26T00:55:53","modified_gmt":"2024-06-25T22:55:53","slug":"hinweis-zum-offentlichen-fotografieren-de-public-photography-notice-en","status":"publish","type":"page","link":"https:\/\/asv.uni-paderborn.de\/de\/hinweis-zum-offentlichen-fotografieren-de-public-photography-notice-en\/","title":{"rendered":"Hinweis zum \u00f6ffentlichen Fotografieren (de) \/ Public Photography Notice (en)"},"content":{"rendered":"<p><strong>(Englische Version unten)<\/strong><\/p>\n<p style=\"text-align: center;\"><strong>Hinweis zum \u00f6ffentlichen Fotografieren<\/strong><\/p>\n<p>Im Folgenden und f\u00fcr alle damit zusammenh\u00e4ngenden Angelegenheiten beziehen sich die Begriffe &#8220;Veranstaltung&#8221; und &#8220;Event&#8221; auf den &#8220;Indischer L\u00e4nderabend&#8221;, auch bekannt als &#8220;Indische Nacht&#8221;, der am 4.7.24 im Audimax, Universit\u00e4t Paderborn, Warburger Str. 100, Paderborn 33098 ab 18:00 Uhr durchgef\u00fchrt wird.<\/p>\n<p>Mit dem Kauf der Eintrittskarte erm\u00e4chtigen Sie die <em>ASV (Ausl\u00e4ndische Studierenden-Vertretung)<\/em> und die <em>ISG (Indische Studierenden Geselleschaft)<\/em> sowie deren verbundene Unternehmen, die Bilder und Aufnahmen \u00fcber unsere Social-Media-Kan\u00e4le, unsere Websites und andere Marketingmaterialien f\u00fcr Marketing- und Werbezwecke oder in jeglichem Zusammenhang mit der Veranstaltung dauerhaft zu nutzen. Sie nehmen zur Kenntnis, dass alle Foto-, Film- und\/oder Videoaufnahmen im Vertrauen auf diese von Ihnen durch das Betreten dieses Bereichs erteilte Zustimmung gemacht werden.<\/p>\n<p>Wir danken Ihnen.<\/p>\n<p><strong>(English Version)<\/strong><\/p>\n<p style=\"text-align: center;\"><strong>Public Photography Notice<\/strong><\/p>\n<p>Here-after in this document, and for all the related matters, the terms &#8220;event&#8221; and &#8220;Event&#8221; refers to &#8220;Indischer Laenderabend&#8221;, also known as &#8220;Indian Night&#8221;, that is conducted on 4.7.24 in Audimax, Universt\u00e4t Paderborn, Warburger Str. 100, Paderborn 33098 from 18:00 onwards.<\/p>\n<p>This event will be filmed and photographed. The recording will include the shots and photographs of attendees.<\/p>\n<p>By purchasing the ticket, you authorize <em>ASV (Ausl\u00e4ndische Studierenden-Vertretung)<\/em> and <em>ISG (Indische Studierenden Geselleschaft)<\/em>; and their affliates to utilize the images and recordings via our social media handles, our websites and other marketing material in perpetuity, for marketing and promotion or whatsoever connection with the event. You understand that all photography, filming and\/or recording will be done in reliance of this consent given by you by entering this area.<\/p>\n<p>Thank you.<\/p>","protected":false},"excerpt":{"rendered":"<p>(Englische Version unten) Hinweis zum \u00f6ffentlichen Fotografieren Im Folgenden und f\u00fcr alle damit zusammenh\u00e4ngenden Angelegenheiten beziehen sich die Begriffe &#8220;Veranstaltung&#8221; und &#8220;Event&#8221; auf den &#8220;Indischer L\u00e4nderabend&#8221;, auch bekannt als &#8220;Indische &#8230;<\/p>","protected":false},"author":2945,"featured_media":0,"parent":0,"menu_order":0,"comment_status":"closed","ping_status":"closed","template":"","meta":{"footnotes":""},"class_list":["post-11459","page","type-page","status-publish","hentry"],"_links":{"self":[{"href":"https:\/\/asv.uni-paderborn.de\/de\/wp-json\/wp\/v2\/pages\/11459"}],"collection":[{"href":"https:\/\/asv.uni-paderborn.de\/de\/wp-json\/wp\/v2\/pages"}],"about":[{"href":"https:\/\/asv.uni-paderborn.de\/de\/wp-json\/wp\/v2\/types\/page"}],"author":[{"embeddable":true,"href":"https:\/\/asv.uni-paderborn.de\/de\/wp-json\/wp\/v2\/users\/2945"}],"replies":[{"embeddable":true,"href":"https:\/\/asv.uni-paderborn.de\/de\/wp-json\/wp\/v2\/comments?post=11459"}],"version-history":[{"count":1,"href":"https:\/\/asv.uni-paderborn.de\/de\/wp-json\/wp\/v2\/pages\/11459\/revisions"}],"predecessor-version":[{"id":11461,"href":"https:\/\/asv.uni-paderborn.de\/de\/wp-json\/wp\/v2\/pages\/11459\/revisions\/11461"}],"wp:attachment":[{"href":"https:\/\/asv.uni-paderborn.de\/de\/wp-json\/wp\/v2\/media?parent=11459"}],"curies":[{"name":"wp","href":"https:\/\/api.w.org\/{rel}","templated":true}]}}