{"id":5652,"date":"2015-04-21T10:42:47","date_gmt":"2015-04-21T08:42:47","guid":{"rendered":"http:\/\/groups.uni-paderborn.de\/asv\/?page_id=5652"},"modified":"2025-05-22T21:01:50","modified_gmt":"2025-05-22T19:01:50","slug":"projects","status":"publish","type":"page","link":"https:\/\/asv.uni-paderborn.de\/de\/projects\/","title":{"rendered":"Projekte"},"content":{"rendered":"<p>Mit einer Reihe von Initiativen, Projekten und Veranstaltungen f\u00f6rdern wir die kulturelle Vielfalt auf dem Campus, k\u00fcmmern uns um die unterschiedlichen Bed\u00fcrfnisse der Studierenden und bieten Beratung an. Im Folgenden finden Sie einen kurzen \u00dcberblick \u00fcber unsere Projekte.<\/p>\n<blockquote>\n<h3>Betreuung ausl\u00e4ndischer Studierender<\/h3>\n<p>Bevor Sie nach Deutschland kommen, nach Ihrer Ankunft und w\u00e4hrend Ihres gesamten Studiums sind wir f\u00fcr Sie da. Wir haben verschiedene Projekte, die den neuen Studierenden bei der Integration und beim Einleben an der Universit\u00e4t helfen. <a href=\"http:\/\/groups.uni-paderborn.de\/asv\/care-projects\/\" target=\"_blank\" rel=\"noopener\">Erfahren Sie mehr \u00fcber unsere Betreuungsprojekte.<\/a><\/p><\/blockquote>\n<blockquote>\n<h3>Kulturelle Vielfalt an der Universit\u00e4t f\u00f6rdern<\/h3>\n<p>Eine unserer Hauptaufgaben ist die F\u00f6rderung der kulturellen Vielfalt an der Universit\u00e4t. Zu diesem Zweck organisieren wir verschiedene Veranstaltungen, bei denen Sie durch Vortr\u00e4ge, Musik, Tanz, Quizspiele und nat\u00fcrlich Essen mehr \u00fcber andere Kulturen erfahren k\u00f6nnen!  <a href=\"http:\/\/groups.uni-paderborn.de\/asv\/cultural-activities\/\" target=\"_blank\" rel=\"noopener\">Erleben Sie unsere kulturellen Initiativen.<\/a><\/p><\/blockquote>\n<blockquote>\n<h3>Hilfe und Beratung<\/h3>\n<p>Sie leben in einem neuen Land und versuchen, sich zurechtzufinden? Haben Sie Fragen, wie Sie sich zurechtfinden und was Sie tun k\u00f6nnen? Bei uns finden Sie alle Informationen, die Sie brauchen! Mehr erfahren <a href=\"http:\/\/groups.uni-paderborn.de\/asv\/consultation-initiatives\/\" target=\"_blank\" rel=\"noopener\">Find out more about our Consultation initiatives. <\/a><\/p><\/blockquote>","protected":false},"excerpt":{"rendered":"<p>We have a number of initiatives, projects and events through which we promote cultural diversity on campus, care for the various needs of students and also offer consultation. Below is &#8230;<\/p>","protected":false},"author":2576,"featured_media":11802,"parent":0,"menu_order":0,"comment_status":"open","ping_status":"open","template":"","meta":{"footnotes":""},"class_list":["post-5652","page","type-page","status-publish","has-post-thumbnail","hentry"],"_links":{"self":[{"href":"https:\/\/asv.uni-paderborn.de\/de\/wp-json\/wp\/v2\/pages\/5652"}],"collection":[{"href":"https:\/\/asv.uni-paderborn.de\/de\/wp-json\/wp\/v2\/pages"}],"about":[{"href":"https:\/\/asv.uni-paderborn.de\/de\/wp-json\/wp\/v2\/types\/page"}],"author":[{"embeddable":true,"href":"https:\/\/asv.uni-paderborn.de\/de\/wp-json\/wp\/v2\/users\/2576"}],"replies":[{"embeddable":true,"href":"https:\/\/asv.uni-paderborn.de\/de\/wp-json\/wp\/v2\/comments?post=5652"}],"version-history":[{"count":11,"href":"https:\/\/asv.uni-paderborn.de\/de\/wp-json\/wp\/v2\/pages\/5652\/revisions"}],"predecessor-version":[{"id":10400,"href":"https:\/\/asv.uni-paderborn.de\/de\/wp-json\/wp\/v2\/pages\/5652\/revisions\/10400"}],"wp:featuredmedia":[{"embeddable":true,"href":"https:\/\/asv.uni-paderborn.de\/de\/wp-json\/wp\/v2\/media\/11802"}],"wp:attachment":[{"href":"https:\/\/asv.uni-paderborn.de\/de\/wp-json\/wp\/v2\/media?parent=5652"}],"curies":[{"name":"wp","href":"https:\/\/api.w.org\/{rel}","templated":true}]}}